{"id":82,"date":"2021-05-14T13:36:44","date_gmt":"2021-05-14T11:36:44","guid":{"rendered":"http:\/\/bridge-esslingen.de\/wordpress\/?page_id=82"},"modified":"2025-03-04T22:09:50","modified_gmt":"2025-03-04T21:09:50","slug":"kontakt-impressum","status":"publish","type":"page","link":"https:\/\/bridge-esslingen.de\/wordpress\/kontakt-impressum\/","title":{"rendered":"Kontakt\/Impressum"},"content":{"rendered":"\n<p>Sie wollen mit uns in Kontakt treten? Kein Problem. Sie erreichen uns einfach \u00fcber die Kontaktangaben weiter unten. \u00dcber das Formular k\u00f6nnen Sie uns auch direkt eine Nachricht senden.<\/p>\n\n\n\n<div class=\"wp-block-columns is-layout-flex wp-container-core-columns-is-layout-9d6595d7 wp-block-columns-is-layout-flex\">\n<div class=\"wp-block-column is-layout-flow wp-block-column-is-layout-flow\">\n<h2 class=\"wp-block-heading\">Kontaktieren Sie uns<\/h2>\n\n\n\n<p>Bridge-Club Esslingen am Neckar e.V.<br>Panoramastr. 65<br>73207 Plochingen<br>Deutschland <br><a href=\"mailto:interesse@bridge-esslingen.de\">interesse@bridge-esslingen.de<\/a><br><a href=\"tel:0715375416\">07153 \u2013 75416<\/a><\/p>\n\n\n\n<p><strong>Vorstand:<\/strong><br>Heike Rademacher <br>(1. Vorsitzende)<br>Doris H\u00e4gele <br>(2. Vorsitzende)<br><\/p>\n<\/div>\n\n\n\n<div class=\"wp-block-column is-layout-flow wp-block-column-is-layout-flow\">\n<h2 class=\"wp-block-heading\">,<\/h2>\n\n\n\n<p>,<\/p>\n<\/div>\n<\/div>\n\n\n\n<p>Haftungshinweis: Trotz sorgf\u00e4ltiger inhaltlicher Kontrolle \u00fcbernehmen wir keine Haftung f\u00fcr die Inhalte externer Links. F\u00fcr den Inhalt der verlinkten Seiten sind ausschlie\u00dflich deren Betreiber verantwortlich.<\/p>\n","protected":false},"excerpt":{"rendered":"<p>Sie wollen mit uns in Kontakt treten? Kein Problem. Sie erreichen uns einfach \u00fcber die Kontaktangaben weiter unten. \u00dcber das Formular k\u00f6nnen Sie uns auch direkt eine Nachricht senden. Kontaktieren Sie uns Bridge-Club Esslingen am Neckar e.V.Panoramastr. 6573207 PlochingenDeutschland interesse@bridge-esslingen.de07153 \u2013 75416 Vorstand:Heike Rademacher (1. Vorsitzende)Doris H\u00e4gele (2. Vorsitzende) , , Haftungshinweis: Trotz sorgf\u00e4ltiger inhaltlicher &hellip; <\/p>\n<p class=\"link-more\"><a href=\"https:\/\/bridge-esslingen.de\/wordpress\/kontakt-impressum\/\" class=\"more-link\"><span class=\"screen-reader-text\">\u201eKontakt\/Impressum\u201c<\/span> weiterlesen<\/a><\/p>\n","protected":false},"author":1,"featured_media":0,"parent":0,"menu_order":0,"comment_status":"closed","ping_status":"closed","template":"","meta":{"footnotes":""},"class_list":["post-82","page","type-page","status-publish","hentry"],"_links":{"self":[{"href":"https:\/\/bridge-esslingen.de\/wordpress\/wp-json\/wp\/v2\/pages\/82","targetHints":{"allow":["GET"]}}],"collection":[{"href":"https:\/\/bridge-esslingen.de\/wordpress\/wp-json\/wp\/v2\/pages"}],"about":[{"href":"https:\/\/bridge-esslingen.de\/wordpress\/wp-json\/wp\/v2\/types\/page"}],"author":[{"embeddable":true,"href":"https:\/\/bridge-esslingen.de\/wordpress\/wp-json\/wp\/v2\/users\/1"}],"replies":[{"embeddable":true,"href":"https:\/\/bridge-esslingen.de\/wordpress\/wp-json\/wp\/v2\/comments?post=82"}],"version-history":[{"count":12,"href":"https:\/\/bridge-esslingen.de\/wordpress\/wp-json\/wp\/v2\/pages\/82\/revisions"}],"predecessor-version":[{"id":788,"href":"https:\/\/bridge-esslingen.de\/wordpress\/wp-json\/wp\/v2\/pages\/82\/revisions\/788"}],"wp:attachment":[{"href":"https:\/\/bridge-esslingen.de\/wordpress\/wp-json\/wp\/v2\/media?parent=82"}],"curies":[{"name":"wp","href":"https:\/\/api.w.org\/{rel}","templated":true}]}}