{"id":55,"date":"2021-05-14T12:23:19","date_gmt":"2021-05-14T10:23:19","guid":{"rendered":"http:\/\/bridge-esslingen.de\/wordpress\/?page_id=55"},"modified":"2025-03-10T21:43:03","modified_gmt":"2025-03-10T20:43:03","slug":"montags-ergebnisse-2025","status":"publish","type":"page","link":"https:\/\/bridge-esslingen.de\/wordpress\/montags-ergebnisse-2025\/","title":{"rendered":"Termine Montag 2025"},"content":{"rendered":"\n<figure class=\"wp-block-table is-style-stripes\"><table><tbody><tr><td class=\"has-text-align-left\" data-align=\"left\"><strong>Januar<\/strong><\/td><td class=\"has-text-align-left\" data-align=\"left\"><strong>Februar<\/strong><\/td><td class=\"has-text-align-left\" data-align=\"left\"><strong>M\u00e4rz<\/strong><\/td><\/tr><tr><td class=\"has-text-align-left\" data-align=\"left\"><a href=\"https:\/\/bridge-esslingen.de\/ergebnisse\/2023\/Januar\/23_01_02_tur.html\"><\/a><a href=\"https:\/\/bridge-esslingen.de\/ergebnisse\/2025\/Januar\/25_01_13_tur.html\">13.01.25<\/a><br><a href=\"https:\/\/bridge-esslingen.de\/ergebnisse\/2023\/Januar\/23_01_09_tur.html\"><\/a><a href=\"https:\/\/bridge-esslingen.de\/ergebnisse\/2025\/Januar\/25_01_20_tur.html\">20.01.25<\/a><br><a href=\"https:\/\/bridge-esslingen.de\/ergebnisse\/2023\/Januar\/23_01_16_tur.html\"><\/a><a href=\"https:\/\/bridge-esslingen.de\/ergebnisse\/2025\/Januar\/25_01_27_tur.html\">27.01.25<\/a><br><br><br><\/td><td class=\"has-text-align-left\" data-align=\"left\"><a href=\"https:\/\/bridge-esslingen.de\/ergebnisse\/2025\/Februar\/25_02_03_tur.html\">03.02.25<\/a><br><a href=\"https:\/\/bridge-esslingen.de\/ergebnisse\/2025\/Februar\/25_02_10_tur.html\">10.02.25<\/a><br><a href=\"https:\/\/bridge-esslingen.de\/ergebnisse\/2025\/Februar\/25_02_17_tur.html\">17.02.25<\/a><br><a href=\"https:\/\/bridge-esslingen.de\/ergebnisse\/2025\/Februar\/25_02_24_tur.html\">24.02.25<\/a><br><br><mark style=\"background-color:rgba(0, 0, 0, 0)\" class=\"has-inline-color has-white-color\">xxx<\/mark><\/td><td class=\"has-text-align-left\" data-align=\"left\"><a href=\"https:\/\/bridge-esslingen.de\/ergebnisse\/2025\/M\u00e4rz\/25_03_03_tur.html\">03.03.25<\/a><br><a href=\"https:\/\/bridge-esslingen.de\/ergebnisse\/2025\/M\u00e4rz\/25_03_10_team.html\">10.03.25<\/a> Team<br><a href=\"https:\/\/bridge-esslingen.de\/ergebnisse\/2025\/M\u00e4rz\/25_03_17_tur.html\">17.03.25<\/a><br><a href=\"https:\/\/bridge-esslingen.de\/ergebnisse\/2025\/M\u00e4rz\/25_03_24_tur.html\">24.03.25<\/a><br><a href=\"https:\/\/bridge-esslingen.de\/ergebnisse\/2025\/M\u00e4rz\/25_03_31_tur.html\">31.03.25<\/a><br><mark style=\"background-color:rgba(0, 0, 0, 0)\" class=\"has-inline-color has-white-color\">xxx<\/mark><\/td><\/tr><tr><td class=\"has-text-align-left\" data-align=\"left\"><strong>April<\/strong><\/td><td class=\"has-text-align-left\" data-align=\"left\"><strong>Mai<\/strong><\/td><td class=\"has-text-align-left\" data-align=\"left\"><strong>Juni<\/strong><\/td><\/tr><tr><td class=\"has-text-align-left\" data-align=\"left\"><a href=\"https:\/\/bridge-esslingen.de\/ergebnisse\/2025\/April\/25_04_07_tur.html\">07.04.25<\/a><br><a href=\"https:\/\/bridge-esslingen.de\/ergebnisse\/2025\/April\/25_04_14_tur.html\">14.04.25<\/a><br><a href=\"https:\/\/bridge-esslingen.de\/ergebnisse\/2025\/April\/25_04_21_tur.html\">21.04.25<\/a><br><a href=\"https:\/\/bridge-esslingen.de\/ergebnisse\/2025\/April\/25_04_28_tur.html\">28.04.25<\/a> Benefiz<br><mark style=\"background-color:rgba(0, 0, 0, 0)\" class=\"has-inline-color has-white-color\">xxx<\/mark><\/td><td class=\"has-text-align-left\" data-align=\"left\">05.05.25<br>12.05.25<br>19.05.25<br>26.05.25<br><\/td><td class=\"has-text-align-left\" data-align=\"left\">02.06.25<br>16.06.25 Paarmeisterschaft<br>30.06.25<br><br><mark style=\"background-color:rgba(0, 0, 0, 0)\" class=\"has-inline-color has-white-color\">xxx<\/mark><\/td><\/tr><tr><td class=\"has-text-align-left\" data-align=\"left\"><strong>Juli<\/strong><\/td><td class=\"has-text-align-left\" data-align=\"left\"><strong>August<\/strong><\/td><td class=\"has-text-align-left\" data-align=\"left\"><strong>September<\/strong><\/td><\/tr><tr><td class=\"has-text-align-left\" data-align=\"left\">07.07.25<br>14.07.25<br>21.07.25<br>28.07.25<br><br><\/td><td class=\"has-text-align-left\" data-align=\"left\">04.08.25           <br>11.08.25<br>18.08.25<br>25.08.25<br><br><mark style=\"background-color:rgba(0, 0, 0, 0)\" class=\"has-inline-color has-white-color\">xxx<\/mark><\/td><td class=\"has-text-align-left\" data-align=\"left\">01.09.25<br>08.09.25 Team<br>15.09.25<br>22.09.25<br>29.09.25<br><mark style=\"background-color:rgba(0, 0, 0, 0)\" class=\"has-inline-color has-white-color\">xxx<\/mark><\/td><\/tr><tr><td class=\"has-text-align-left\" data-align=\"left\"><strong>Oktober<\/strong><\/td><td class=\"has-text-align-left\" data-align=\"left\"><strong>November<\/strong><\/td><td class=\"has-text-align-left\" data-align=\"left\"><strong>Dezember<\/strong><\/td><\/tr><tr><td class=\"has-text-align-left\" data-align=\"left\">06.10.25<br>13.10.25<br>20.10.25<br>27.10.25<br><br><\/td><td class=\"has-text-align-left\" data-align=\"left\">03.11.25<br>10.11.25<br>17.11.25<br>24.11.25<br><br><mark style=\"background-color:rgba(0, 0, 0, 0)\" class=\"has-inline-color has-white-color\">xxx<\/mark><\/td><td class=\"has-text-align-left\" data-align=\"left\">01.12.25<br>08.12.25<br>15.12.25<br>22.12.25<br><mark style=\"background-color:rgba(0, 0, 0, 0)\" class=\"has-inline-color has-white-color\">xxx<\/mark><br><mark style=\"background-color:rgba(0, 0, 0, 0)\" class=\"has-inline-color has-white-color\">xxx<\/mark><\/td><\/tr><\/tbody><\/table><figcaption class=\"wp-element-caption\">F\u00fcr Pr\u00e4senzturniere im Club verwenden wir das Score-Programm <a rel=\"noreferrer noopener\" href=\"http:\/\/www.mausisoft.de\/\" target=\"_blank\">Merlin von Mausisoft.<\/a> <br>Die Onlineturniere realisieren wir \u00fcber RealBridge.<\/figcaption><\/figure>\n\n\n\n<p><\/p>\n","protected":false},"excerpt":{"rendered":"<p>Januar Februar M\u00e4rz 13.01.2520.01.2527.01.25 03.02.2510.02.2517.02.2524.02.25 xxx 03.03.2510.03.25 Team17.03.2524.03.2531.03.25xxx April Mai Juni 07.04.2514.04.2521.04.2528.04.25 Benefizxxx 05.05.2512.05.2519.05.2526.05.25 02.06.2516.06.25 Paarmeisterschaft30.06.25 xxx Juli August September 07.07.2514.07.2521.07.2528.07.25 04.08.25 11.08.2518.08.2525.08.25 xxx 01.09.2508.09.25 Team15.09.2522.09.2529.09.25xxx Oktober November Dezember 06.10.2513.10.2520.10.2527.10.25 03.11.2510.11.2517.11.2524.11.25 xxx 01.12.2508.12.2515.12.2522.12.25xxxxxx F\u00fcr Pr\u00e4senzturniere im Club verwenden wir das Score-Programm Merlin von Mausisoft. Die Onlineturniere realisieren wir \u00fcber RealBridge.<\/p>\n","protected":false},"author":1,"featured_media":0,"parent":0,"menu_order":0,"comment_status":"closed","ping_status":"closed","template":"","meta":{"footnotes":""},"class_list":["post-55","page","type-page","status-publish","hentry"],"_links":{"self":[{"href":"https:\/\/bridge-esslingen.de\/wordpress\/wp-json\/wp\/v2\/pages\/55","targetHints":{"allow":["GET"]}}],"collection":[{"href":"https:\/\/bridge-esslingen.de\/wordpress\/wp-json\/wp\/v2\/pages"}],"about":[{"href":"https:\/\/bridge-esslingen.de\/wordpress\/wp-json\/wp\/v2\/types\/page"}],"author":[{"embeddable":true,"href":"https:\/\/bridge-esslingen.de\/wordpress\/wp-json\/wp\/v2\/users\/1"}],"replies":[{"embeddable":true,"href":"https:\/\/bridge-esslingen.de\/wordpress\/wp-json\/wp\/v2\/comments?post=55"}],"version-history":[{"count":48,"href":"https:\/\/bridge-esslingen.de\/wordpress\/wp-json\/wp\/v2\/pages\/55\/revisions"}],"predecessor-version":[{"id":761,"href":"https:\/\/bridge-esslingen.de\/wordpress\/wp-json\/wp\/v2\/pages\/55\/revisions\/761"}],"wp:attachment":[{"href":"https:\/\/bridge-esslingen.de\/wordpress\/wp-json\/wp\/v2\/media?parent=55"}],"curies":[{"name":"wp","href":"https:\/\/api.w.org\/{rel}","templated":true}]}}