{"id":38,"date":"2021-05-14T12:27:07","date_gmt":"2021-05-14T10:27:07","guid":{"rendered":"http:\/\/bridge-esslingen.de\/wordpress\/?page_id=38"},"modified":"2025-10-12T18:40:07","modified_gmt":"2025-10-12T16:40:07","slug":"startseite","status":"publish","type":"page","link":"https:\/\/bridge-esslingen.de\/wordpress\/","title":{"rendered":"Startseite"},"content":{"rendered":"<\/p>\n\n\n<h2 class=\"wp-block-heading\">Willkommen beim Bridge-Club Esslingen<\/h2>\n\n\n\n<figure class=\"wp-block-image\"><a href=\"http:\/\/bridge-esslingen.de\/wordpress\/wp-content\/uploads\/2021\/05\/Bridge-Tische-Corona.jpg\"><img decoding=\"async\" src=\"http:\/\/bridge-esslingen.de\/wordpress\/wp-content\/uploads\/2021\/05\/Bridge-Tische-Corona-1024x813.jpg\" alt=\"\"\/><\/a><figcaption class=\"wp-element-caption\">Unsere sch\u00f6nen gro\u00dfen Bridge-Tische<\/figcaption><\/figure>\n\n\n<\/p>\n\n\n<h3 class=\"wp-block-heading\">Der Bridgeclub Esslingen wurde 1994 gegr\u00fcndet und feiert 2024 sein 30j\u00e4hriges Bestehen.<\/h3>\n\n\n\n<p>Gespielt wird an zwei Abenden in der Woche. Montags werden die Karten in Pr\u00e4senz in Esslingen-Sirnau gemischt, Donnerstags gibt es immer am ersten Donnerstag im Monat ein Online-Turnier. Am 2. und 4. Donnerstag finden Pr\u00e4senzturniere statt. Am 3. Donnerstag k\u00f6nnen sich interessierte Clubmitglieder beim Unterricht fortbilden.\nUnsere Turniere beginnen \u2013 falls nicht anders ver\u00f6ffentlicht \u2013 immer um 18:00 Uhr. Der Club hat derzeit rund 58 Mitglieder, darunter 45 Erstmitglieder und 10 Zweitmitglieder.\n\n<\/p>\n\n\n\n<blockquote class=\"wp-block-quote is-layout-flow wp-block-quote-is-layout-flow\">\n<p><\/p>\n<p><strong>Der Club bietet laufend Anf\u00e4ngerkurse. Bei Interesse melden unter <a href=\"mailto:interesse@bridge-esslingen.de\">interesse@bridge-esslingen.de<\/a> oder per Telefon unter 07153-75416.<\/strong><\/p>\n<p><\/p>\n<\/blockquote>\n\n\n\n<figure class=\"wp-block-image size-large\"><a href=\"http:\/\/bridge-esslingen.de\/wordpress\/wp-content\/uploads\/2025\/10\/90_Barbara.jpg\"><img fetchpriority=\"high\" decoding=\"async\" width=\"1024\" height=\"576\" src=\"http:\/\/bridge-esslingen.de\/wordpress\/wp-content\/uploads\/2025\/10\/90_Barbara-1024x576.jpg\" alt=\"\" class=\"wp-image-811\" srcset=\"https:\/\/bridge-esslingen.de\/wordpress\/wp-content\/uploads\/2025\/10\/90_Barbara-1024x576.jpg 1024w, https:\/\/bridge-esslingen.de\/wordpress\/wp-content\/uploads\/2025\/10\/90_Barbara-300x169.jpg 300w, https:\/\/bridge-esslingen.de\/wordpress\/wp-content\/uploads\/2025\/10\/90_Barbara-768x432.jpg 768w, https:\/\/bridge-esslingen.de\/wordpress\/wp-content\/uploads\/2025\/10\/90_Barbara-1536x864.jpg 1536w, https:\/\/bridge-esslingen.de\/wordpress\/wp-content\/uploads\/2025\/10\/90_Barbara.jpg 2000w\" sizes=\"(max-width: 767px) 89vw, (max-width: 1000px) 54vw, (max-width: 1071px) 543px, 580px\" \/><\/a><\/figure>\n\n\n\n<p>Unser j\u00fcngstes Ehrenmitglied: 90ster Geburtstag von Barbara Schweizer im Bridge-Club<\/p>\n\n\n<\/p>\n\n\n<figure class=\"wp-block-image\"><img decoding=\"async\" src=\"http:\/\/bridge-esslingen.de\/wordpress\/wp-content\/uploads\/2021\/05\/faq-2643072_1920-1-1024x559.jpg\" alt=\"\"\/><\/figure>\n\n\n<\/p>\n\n\n<p> Auf der Seite FAQ beantworten wir die wichtigsten Fragen rund um RealBridge. Neben Informationen zu dem neuen Format der Online-Turniere erfahren Sie hier, was Sie tun k\u00f6nnen, wenn es im Turnier hakt und es technische Probleme gibt. <\/p>\n\n\n\n<p><a href=\"https:\/\/bridge-esslingen.de\/wordpress\/faq\/\">Direkt zu den FAQs<\/a> <\/p>\n\n\n\n<figure class=\"wp-block-image\"><img decoding=\"async\" src=\"http:\/\/bridge-esslingen.de\/wordpress\/wp-content\/uploads\/2021\/05\/pexels-oleg-magni-1831119-1-1024x683.jpg\" alt=\"\"\/><\/figure>\n\n\n<\/p>\n\n\n<p>Der Bridge-Club Esslingen veranstaltet immer wieder Bridge-Kurse f\u00fcr Anf\u00e4nger. Mehr dazu erfahren Sie auf der Seite Unterricht. <\/p>\n\n\n\n<p><a href=\"https:\/\/bridge-esslingen.de\/wordpress\/unterricht\/\">Direkt zu Unterricht<\/a><\/p>\n\n\n<\/p>\n\n\n<p class=\"has-medium-font-size\"><br>Der Club sagt Danke<\/p>\n\n\n\n<p>Seit mehreren Jahren darf sich der Bridge-Club Esslingen jetzt schon bei der Firma <a href=\"https:\/\/www.barit.de\/de\/unternehmen\">BARiT<\/a> &#8222;Zuhause&#8220; f\u00fchlen. Ein ganz herzlicher Dank daf\u00fcr an die Familie Bartel, die uns solch tolle R\u00e4ume zur Verf\u00fcgung stellt und uns so unser Hobby erm\u00f6glicht.<\/p>\n","protected":false},"excerpt":{"rendered":"<p>Willkommen beim Bridge-Club Esslingen Der Bridgeclub Esslingen wurde 1994 gegr\u00fcndet und feiert 2024 sein 30j\u00e4hriges Bestehen. Gespielt wird an zwei Abenden in der Woche. Montags werden die Karten in Pr\u00e4senz in Esslingen-Sirnau gemischt, Donnerstags gibt es immer am ersten Donnerstag im Monat ein Online-Turnier. Am 2. und 4. Donnerstag finden Pr\u00e4senzturniere statt. Am 3. Donnerstag &hellip; <\/p>\n<p class=\"link-more\"><a href=\"https:\/\/bridge-esslingen.de\/wordpress\/\" class=\"more-link\"><span class=\"screen-reader-text\">\u201eStartseite\u201c<\/span> weiterlesen<\/a><\/p>\n","protected":false},"author":1,"featured_media":0,"parent":0,"menu_order":0,"comment_status":"closed","ping_status":"closed","template":"","meta":{"footnotes":""},"class_list":["post-38","page","type-page","status-publish","hentry"],"_links":{"self":[{"href":"https:\/\/bridge-esslingen.de\/wordpress\/wp-json\/wp\/v2\/pages\/38","targetHints":{"allow":["GET"]}}],"collection":[{"href":"https:\/\/bridge-esslingen.de\/wordpress\/wp-json\/wp\/v2\/pages"}],"about":[{"href":"https:\/\/bridge-esslingen.de\/wordpress\/wp-json\/wp\/v2\/types\/page"}],"author":[{"embeddable":true,"href":"https:\/\/bridge-esslingen.de\/wordpress\/wp-json\/wp\/v2\/users\/1"}],"replies":[{"embeddable":true,"href":"https:\/\/bridge-esslingen.de\/wordpress\/wp-json\/wp\/v2\/comments?post=38"}],"version-history":[{"count":47,"href":"https:\/\/bridge-esslingen.de\/wordpress\/wp-json\/wp\/v2\/pages\/38\/revisions"}],"predecessor-version":[{"id":814,"href":"https:\/\/bridge-esslingen.de\/wordpress\/wp-json\/wp\/v2\/pages\/38\/revisions\/814"}],"wp:attachment":[{"href":"https:\/\/bridge-esslingen.de\/wordpress\/wp-json\/wp\/v2\/media?parent=38"}],"curies":[{"name":"wp","href":"https:\/\/api.w.org\/{rel}","templated":true}]}}