{"id":201,"date":"2021-05-18T16:59:22","date_gmt":"2021-05-18T14:59:22","guid":{"rendered":"http:\/\/bridge-esslingen.de\/wordpress\/?page_id=201"},"modified":"2025-01-22T18:40:11","modified_gmt":"2025-01-22T17:40:11","slug":"links","status":"publish","type":"page","link":"https:\/\/bridge-esslingen.de\/wordpress\/links\/","title":{"rendered":"Links"},"content":{"rendered":"\n<h3 class=\"wp-block-heading\">Clubs in unserer N\u00e4he<\/h3>\n\n\n\n<ul class=\"wp-block-list\">\n<li><a href=\"https:\/\/www.bridgeclub-kirchheim.de\/\" target=\"_blank\" rel=\"noreferrer noopener\">Bridgeclub Kirchheim\/Teck<\/a><\/li>\n\n\n\n<li><a href=\"http:\/\/www.bridge-wiese.de\/\" target=\"_blank\" rel=\"noreferrer noopener\">Bridge-Club G\u00f6ppingen<\/a><\/li>\n\n\n\n<li><a href=\"https:\/\/www.stuttgarter-bridgeclub.de\/index.htm\" target=\"_blank\" rel=\"noreferrer noopener\">Bridgeclub Stuttgart<\/a><\/li>\n<\/ul>\n\n\n\n<h3 class=\"wp-block-heading\">Verb\u00e4nde<\/h3>\n\n\n\n<ul class=\"wp-block-list\">\n<li><a href=\"http:\/\/www.bridge-verband.de\/\" target=\"_blank\" rel=\"noreferrer noopener\">Deutscher Bridge-Verband e.V.<\/a><\/li>\n\n\n\n<li><a rel=\"noreferrer noopener\" href=\"http:\/\/www.bridge-baden-wuerttemberg.de\/\" target=\"_blank\">Landesbridgeverband Baden-W\u00fcrttemberg e.V.<\/a><\/li>\n<\/ul>\n\n\n\n<h3 class=\"wp-block-heading\">Wissenwertes \u00fcber Bridge<\/h3>\n\n\n\n<ul class=\"wp-block-list\">\n<li><a href=\"http:\/\/de.wikipedia.org\/wiki\/Bridge_(Kartenspiel)\" target=\"_blank\" rel=\"noreferrer noopener\">Was ist Bridge? Wissenswertes bei Wikipedia.<\/a><\/li>\n\n\n\n<li><a href=\"http:\/\/www.joefri.de\/bridge\/bridgeanl.htm\" target=\"_blank\" rel=\"noreferrer noopener\">Bridge einfach erkl\u00e4rt<\/a><\/li>\n<\/ul>\n\n\n\n<p><\/p>\n","protected":false},"excerpt":{"rendered":"<p>Clubs in unserer N\u00e4he Verb\u00e4nde Wissenwertes \u00fcber Bridge<\/p>\n","protected":false},"author":1,"featured_media":0,"parent":0,"menu_order":0,"comment_status":"closed","ping_status":"closed","template":"","meta":{"footnotes":""},"class_list":["post-201","page","type-page","status-publish","hentry"],"_links":{"self":[{"href":"https:\/\/bridge-esslingen.de\/wordpress\/wp-json\/wp\/v2\/pages\/201","targetHints":{"allow":["GET"]}}],"collection":[{"href":"https:\/\/bridge-esslingen.de\/wordpress\/wp-json\/wp\/v2\/pages"}],"about":[{"href":"https:\/\/bridge-esslingen.de\/wordpress\/wp-json\/wp\/v2\/types\/page"}],"author":[{"embeddable":true,"href":"https:\/\/bridge-esslingen.de\/wordpress\/wp-json\/wp\/v2\/users\/1"}],"replies":[{"embeddable":true,"href":"https:\/\/bridge-esslingen.de\/wordpress\/wp-json\/wp\/v2\/comments?post=201"}],"version-history":[{"count":6,"href":"https:\/\/bridge-esslingen.de\/wordpress\/wp-json\/wp\/v2\/pages\/201\/revisions"}],"predecessor-version":[{"id":776,"href":"https:\/\/bridge-esslingen.de\/wordpress\/wp-json\/wp\/v2\/pages\/201\/revisions\/776"}],"wp:attachment":[{"href":"https:\/\/bridge-esslingen.de\/wordpress\/wp-json\/wp\/v2\/media?parent=201"}],"curies":[{"name":"wp","href":"https:\/\/api.w.org\/{rel}","templated":true}]}}