{"id":137,"date":"2021-05-14T17:57:38","date_gmt":"2021-05-14T15:57:38","guid":{"rendered":"http:\/\/bridge-esslingen.de\/wordpress\/?page_id=137"},"modified":"2024-07-22T16:59:08","modified_gmt":"2024-07-22T14:59:08","slug":"faq","status":"publish","type":"page","link":"https:\/\/bridge-esslingen.de\/wordpress\/faq\/","title":{"rendered":"FAQ &#8211; RealBridge"},"content":{"rendered":"\n<figure class=\"wp-block-image size-large is-style-default\"><a href=\"http:\/\/bridge-esslingen.de\/wordpress\/wp-content\/uploads\/2021\/05\/faq-2643072_1920.jpg\"><img fetchpriority=\"high\" decoding=\"async\" width=\"1024\" height=\"559\" src=\"http:\/\/bridge-esslingen.de\/wordpress\/wp-content\/uploads\/2021\/05\/faq-2643072_1920-1024x559.jpg\" alt=\"\" class=\"wp-image-113\" srcset=\"https:\/\/bridge-esslingen.de\/wordpress\/wp-content\/uploads\/2021\/05\/faq-2643072_1920-1024x559.jpg 1024w, https:\/\/bridge-esslingen.de\/wordpress\/wp-content\/uploads\/2021\/05\/faq-2643072_1920-300x164.jpg 300w, https:\/\/bridge-esslingen.de\/wordpress\/wp-content\/uploads\/2021\/05\/faq-2643072_1920-768x419.jpg 768w, https:\/\/bridge-esslingen.de\/wordpress\/wp-content\/uploads\/2021\/05\/faq-2643072_1920-1536x838.jpg 1536w, https:\/\/bridge-esslingen.de\/wordpress\/wp-content\/uploads\/2021\/05\/faq-2643072_1920.jpg 1920w\" sizes=\"(max-width: 767px) 89vw, (max-width: 1000px) 54vw, (max-width: 1071px) 543px, 580px\" \/><\/a><figcaption class=\"wp-element-caption\">Foto: Gerd Altmann &#8211; pixabay.com<\/figcaption><\/figure>\n\n\n\n<h2 class=\"wp-block-heading\">Mit unseren FAQs wollen wir die wichtigsten Fragen kl\u00e4ren.<\/h2>\n\n\n\n<p><strong>Wie melde ich mich zu einem Online-Turnier an?<\/strong><br>Gar nicht. Die Online-Turniere sind derzeit nur f\u00fcr Mitglieder. Den Zugangslink gibt es unter dem Datum des jeweiligen Turniers auf der Seite Ergebnisse (Montags oder Donnerstags). Es bietet sich an, zusammen mit einem Partner zu kommen, da Alleinspieler meist keinen Partner finden.<\/p>\n\n\n\n<p><strong>Wann beginnen die Online-Turniere?<\/strong><br>Wenn nicht anders angek\u00fcndigt immer um 19 Uhr.<\/p>\n\n\n\n<p><strong>Ab wann kann ich am Online-Turnier teilnehmen?<\/strong><br>Die Session wird vom Turnierleiter eine halbe Stunde vor Turnierbeginn freigeschaltet. Vorher ist kein Zutritt m\u00f6glich.<\/p>\n\n\n\n<p><strong>Ich kann nicht auf die Ergebnis-Seite zugreifen. Was soll ich tun?<\/strong><br>Die Ergebnis-Seite bzw. Seite f\u00fcrs Einloggen von RealBridge ist jetzt wieder mit einem Passwort gesch\u00fctzt. Da wir ein Sicherheitsprotokoll verwenden, erwartet der Browser auch einen sicheren Link. Deshalb unbedingt zum Aufruf der Seite den Link <a href=\"https:\/\/bridge-esslingen.de\">https:\/\/bridge-esslingen.de<\/a> verwenden. Nur die sichere Seite erm\u00f6glicht die Eingabe des Passwortes, um an den Link f\u00fcr das RealBridge-Turnier zu kommen. Am besten den neuen, sicheren Link (man beachte das s in https) als Seite im Browser speichern, anstelle der alten Seite. <\/p>\n\n\n\n<p><strong>Der Link zum Turnier funktioniert nicht. Was kann ich tun?<\/strong><br>Bitte F5 dr\u00fccken und die Seite vom Server nochmals laden. Der Browser l\u00e4dt die Seite zun\u00e4chst aus dem Speicher. In dieser Variante ist der neue Link nat\u00fcrlich nicht vorhanden.<\/p>\n\n\n\n<p><strong>Was mache ich, wenn ich aus dem Online-Turnier rausfliege?<\/strong><br>Bei RealBridge kann es vorkommen, dass die Kamera eines Teilnehmers einfriert oder der Ton weg ist. Es hilft meistens, den Aktualisieren-Button zu dr\u00fccken (zwei Pfeile neben dem Namen). Sollte das nichts n\u00fctzen, das Turnier verlassen und neu anmelden. In der Regel behebt diese Vorgehensweise das Problem. Tipp: Die Ergebnisseite mit dem Link zum aktuellen Turnier in einem zweiten Fenster offen lassen. So kann man sich schneller wieder anmelden. <\/p>\n\n\n\n<p><strong>Ich habe in RealBridge die falsche Karte gespielt. Was mache ich?<\/strong><br>Manchmal klickt ein Spieler daneben und spielt ungewollt eine falsche Karte oder legt ein falsches Reizgebot. Dann sofort den Undo-Button dr\u00fccken. Undo hei\u00dft &#8222;ungeschehen&#8220; und signalisiert den Fehler. Die Spieler der anderen Partei m\u00fcssen dies genehmigen oder ablehnen. Dazu erscheint bei Ihnen ein entsprechender Button. Erst wenn die Gegner geklickt haben, geht es weiter.<\/p>\n\n\n\n<p><\/p>\n","protected":false},"excerpt":{"rendered":"<p>Mit unseren FAQs wollen wir die wichtigsten Fragen kl\u00e4ren. Wie melde ich mich zu einem Online-Turnier an?Gar nicht. Die Online-Turniere sind derzeit nur f\u00fcr Mitglieder. Den Zugangslink gibt es unter dem Datum des jeweiligen Turniers auf der Seite Ergebnisse (Montags oder Donnerstags). Es bietet sich an, zusammen mit einem Partner zu kommen, da Alleinspieler meist &hellip; <\/p>\n<p class=\"link-more\"><a href=\"https:\/\/bridge-esslingen.de\/wordpress\/faq\/\" class=\"more-link\"><span class=\"screen-reader-text\">\u201eFAQ &#8211; RealBridge\u201c<\/span> weiterlesen<\/a><\/p>\n","protected":false},"author":1,"featured_media":0,"parent":0,"menu_order":0,"comment_status":"closed","ping_status":"closed","template":"","meta":{"footnotes":""},"class_list":["post-137","page","type-page","status-publish","hentry"],"_links":{"self":[{"href":"https:\/\/bridge-esslingen.de\/wordpress\/wp-json\/wp\/v2\/pages\/137","targetHints":{"allow":["GET"]}}],"collection":[{"href":"https:\/\/bridge-esslingen.de\/wordpress\/wp-json\/wp\/v2\/pages"}],"about":[{"href":"https:\/\/bridge-esslingen.de\/wordpress\/wp-json\/wp\/v2\/types\/page"}],"author":[{"embeddable":true,"href":"https:\/\/bridge-esslingen.de\/wordpress\/wp-json\/wp\/v2\/users\/1"}],"replies":[{"embeddable":true,"href":"https:\/\/bridge-esslingen.de\/wordpress\/wp-json\/wp\/v2\/comments?post=137"}],"version-history":[{"count":12,"href":"https:\/\/bridge-esslingen.de\/wordpress\/wp-json\/wp\/v2\/pages\/137\/revisions"}],"predecessor-version":[{"id":678,"href":"https:\/\/bridge-esslingen.de\/wordpress\/wp-json\/wp\/v2\/pages\/137\/revisions\/678"}],"wp:attachment":[{"href":"https:\/\/bridge-esslingen.de\/wordpress\/wp-json\/wp\/v2\/media?parent=137"}],"curies":[{"name":"wp","href":"https:\/\/api.w.org\/{rel}","templated":true}]}}