{"id":117,"date":"2021-05-14T17:07:57","date_gmt":"2021-05-14T15:07:57","guid":{"rendered":"http:\/\/bridge-esslingen.de\/wordpress\/?page_id=117"},"modified":"2025-10-12T18:47:45","modified_gmt":"2025-10-12T16:47:45","slug":"unterricht","status":"publish","type":"page","link":"https:\/\/bridge-esslingen.de\/wordpress\/unterricht\/","title":{"rendered":"Unterricht"},"content":{"rendered":"\n<blockquote class=\"wp-block-quote is-layout-flow wp-block-quote-is-layout-flow\">\n<p><strong>Der Club bietet regelm\u00e4\u00dfig kostenlose Schnupperabende f\u00fcr Interessierte und Anf\u00e4nger. Bitte Termine erfragen per Telefon unter 07153-75416 bei Heike Rademacher.<\/strong><\/p>\n<\/blockquote>\n\n\n\n<iframe width=\"930\" height=\"523\" src=\"https:\/\/www.youtube.com\/embed\/auu3YLPrf3Q\" title=\"Wie spielt man Bridge? - Bridge Tutorials #1\" frameborder=\"0\" allow=\"accelerometer; autoplay; clipboard-write; encrypted-media; gyroscope; picture-in-picture; web-share\" allowfullscreen=\"\"><\/iframe>\n\n\n\n<hr class=\"wp-block-separator has-css-opacity\"\/>\n\n\n\n<div class=\"wp-block-media-text alignwide has-media-on-the-right is-stacked-on-mobile is-image-fill-element\"><div class=\"wp-block-media-text__content\">\n<p class=\"has-normal-font-size\">Bridge ist ein Karten- und Stichspiel f\u00fcr vier Spieler. Gespielt wird paarweise, wobei sich die jeweiligen Partner gegen\u00fcber sitzen. Ziel des Spiels ist es, die im Vorfeld w\u00e4hrend der Reizung angesagten Stiche (13 sind m\u00f6glich) in der anschlie\u00dfenden Spielrunde auch zu machen. Wem das nicht gelingt, hat verloren und bekommt Minuspunkte. Erf\u00fcllt ein Spieler seine angesagte Anzahl an Stichen, gibt es Pluspunkte. Alle Teilnehmer eines Turniers spielen die gleichen Bl\u00e4tter, sodass am Ende das Paar als Sieger feststeht,  das in allen Partien am besten abgeschnitten hat. Klingt einfach? Ist es aber nicht. Daher bietet der Club immer wieder Anf\u00e4nger-Kurse an. Ab Januar 2025 gibt es wieder einen Anf\u00e4ngerkurs &#8211; vermutlich Dienstags um 18.30 Uhr. Sollten Sie Interesse an einem Kurs haben, nutzen Sie unser Formular oder rufen Sie an.  <\/p>\n<\/div><figure class=\"wp-block-media-text__media\"><img fetchpriority=\"high\" decoding=\"async\" width=\"1024\" height=\"683\" src=\"http:\/\/bridge-esslingen.de\/wordpress\/wp-content\/uploads\/2021\/05\/pexels-oleg-magni-1831119-1024x683.jpg\" alt=\"\" class=\"wp-image-114 size-full\" style=\"object-position:50% 50%\" srcset=\"https:\/\/bridge-esslingen.de\/wordpress\/wp-content\/uploads\/2021\/05\/pexels-oleg-magni-1831119-1024x683.jpg 1024w, https:\/\/bridge-esslingen.de\/wordpress\/wp-content\/uploads\/2021\/05\/pexels-oleg-magni-1831119-300x200.jpg 300w, https:\/\/bridge-esslingen.de\/wordpress\/wp-content\/uploads\/2021\/05\/pexels-oleg-magni-1831119-768x512.jpg 768w, https:\/\/bridge-esslingen.de\/wordpress\/wp-content\/uploads\/2021\/05\/pexels-oleg-magni-1831119-1536x1024.jpg 1536w, https:\/\/bridge-esslingen.de\/wordpress\/wp-content\/uploads\/2021\/05\/pexels-oleg-magni-1831119-2048x1365.jpg 2048w\" sizes=\"(max-width: 767px) 89vw, (max-width: 1000px) 54vw, (max-width: 1071px) 543px, 580px\" \/><\/figure><\/div>\n\n\n\n<hr class=\"wp-block-separator has-css-opacity\"\/>\n\n\n\n<h3 class=\"wp-block-heading\">Interesse? Schicken Sie uns eine Mail oder nutzen Sie das Formular!<\/h3>\n\n\n\n<div class=\"wp-block-contact-form-7-contact-form-selector\">\n<div class=\"wpcf7 no-js\" id=\"wpcf7-f84-o1\" lang=\"de-DE\" dir=\"ltr\" data-wpcf7-id=\"84\">\n<div class=\"screen-reader-response\"><p role=\"status\" aria-live=\"polite\" aria-atomic=\"true\"><\/p> <ul><\/ul><\/div>\n<form action=\"\/wordpress\/wp-json\/wp\/v2\/pages\/117#wpcf7-f84-o1\" method=\"post\" class=\"wpcf7-form init\" aria-label=\"Kontaktformular\" novalidate=\"novalidate\" data-status=\"init\">\n<fieldset class=\"hidden-fields-container\"><input type=\"hidden\" name=\"_wpcf7\" value=\"84\" \/><input type=\"hidden\" name=\"_wpcf7_version\" value=\"6.1.2\" \/><input type=\"hidden\" name=\"_wpcf7_locale\" value=\"de_DE\" \/><input type=\"hidden\" name=\"_wpcf7_unit_tag\" value=\"wpcf7-f84-o1\" \/><input type=\"hidden\" name=\"_wpcf7_container_post\" value=\"0\" \/><input type=\"hidden\" name=\"_wpcf7_posted_data_hash\" value=\"\" \/>\n<\/fieldset>\n<p><label> Dein Name<br \/>\n<span class=\"wpcf7-form-control-wrap\" data-name=\"your-name\"><input size=\"40\" maxlength=\"400\" class=\"wpcf7-form-control wpcf7-text wpcf7-validates-as-required\" aria-required=\"true\" aria-invalid=\"false\" value=\"\" type=\"text\" name=\"your-name\" \/><\/span> <\/label>\n<\/p>\n<p><label> Deine E-Mail-Adresse<br \/>\n<span class=\"wpcf7-form-control-wrap\" data-name=\"your-email\"><input size=\"40\" maxlength=\"400\" class=\"wpcf7-form-control wpcf7-email wpcf7-validates-as-required wpcf7-text wpcf7-validates-as-email\" aria-required=\"true\" aria-invalid=\"false\" value=\"\" type=\"email\" name=\"your-email\" \/><\/span> <\/label>\n<\/p>\n<p><label> Betreff<br \/>\n<span class=\"wpcf7-form-control-wrap\" data-name=\"your-subject\"><input size=\"40\" maxlength=\"400\" class=\"wpcf7-form-control wpcf7-text wpcf7-validates-as-required\" aria-required=\"true\" aria-invalid=\"false\" value=\"\" type=\"text\" name=\"your-subject\" \/><\/span> <\/label>\n<\/p>\n<p><label> Deine Nachricht (optional)<br \/>\n<span class=\"wpcf7-form-control-wrap\" data-name=\"your-message\"><textarea cols=\"40\" rows=\"10\" maxlength=\"2000\" class=\"wpcf7-form-control wpcf7-textarea\" aria-invalid=\"false\" name=\"your-message\"><\/textarea><\/span> <\/label>\n<\/p>\n<p><input class=\"wpcf7-form-control wpcf7-submit has-spinner\" type=\"submit\" value=\"Senden\" \/>\n<\/p><div class=\"wpcf7-response-output\" aria-hidden=\"true\"><\/div>\n<\/form>\n<\/div>\n<\/div>\n\n\n\n<p><\/p>\n\n\n\n<blockquote class=\"wp-block-quote is-layout-flow wp-block-quote-is-layout-flow\">\n<p><\/p>\n<\/blockquote>\n\n\n\n<p><\/p>\n","protected":false},"excerpt":{"rendered":"<p>Der Club bietet regelm\u00e4\u00dfig kostenlose Schnupperabende f\u00fcr Interessierte und Anf\u00e4nger. Bitte Termine erfragen per Telefon unter 07153-75416 bei Heike Rademacher. Bridge ist ein Karten- und Stichspiel f\u00fcr vier Spieler. Gespielt wird paarweise, wobei sich die jeweiligen Partner gegen\u00fcber sitzen. Ziel des Spiels ist es, die im Vorfeld w\u00e4hrend der Reizung angesagten Stiche (13 sind m\u00f6glich) &hellip; <\/p>\n<p class=\"link-more\"><a href=\"https:\/\/bridge-esslingen.de\/wordpress\/unterricht\/\" class=\"more-link\"><span class=\"screen-reader-text\">\u201eUnterricht\u201c<\/span> weiterlesen<\/a><\/p>\n","protected":false},"author":1,"featured_media":0,"parent":0,"menu_order":0,"comment_status":"closed","ping_status":"closed","template":"","meta":{"footnotes":""},"class_list":["post-117","page","type-page","status-publish","hentry"],"_links":{"self":[{"href":"https:\/\/bridge-esslingen.de\/wordpress\/wp-json\/wp\/v2\/pages\/117","targetHints":{"allow":["GET"]}}],"collection":[{"href":"https:\/\/bridge-esslingen.de\/wordpress\/wp-json\/wp\/v2\/pages"}],"about":[{"href":"https:\/\/bridge-esslingen.de\/wordpress\/wp-json\/wp\/v2\/types\/page"}],"author":[{"embeddable":true,"href":"https:\/\/bridge-esslingen.de\/wordpress\/wp-json\/wp\/v2\/users\/1"}],"replies":[{"embeddable":true,"href":"https:\/\/bridge-esslingen.de\/wordpress\/wp-json\/wp\/v2\/comments?post=117"}],"version-history":[{"count":28,"href":"https:\/\/bridge-esslingen.de\/wordpress\/wp-json\/wp\/v2\/pages\/117\/revisions"}],"predecessor-version":[{"id":819,"href":"https:\/\/bridge-esslingen.de\/wordpress\/wp-json\/wp\/v2\/pages\/117\/revisions\/819"}],"wp:attachment":[{"href":"https:\/\/bridge-esslingen.de\/wordpress\/wp-json\/wp\/v2\/media?parent=117"}],"curies":[{"name":"wp","href":"https:\/\/api.w.org\/{rel}","templated":true}]}}